{"id":2510,"date":"2021-12-28T17:53:41","date_gmt":"2021-12-28T17:53:41","guid":{"rendered":"https:\/\/limamarket.com.ar\/home\/?post_type=product&#038;p=2510"},"modified":"2025-04-03T19:10:53","modified_gmt":"2025-04-03T19:10:53","slug":"sales-decorativas-1kg","status":"publish","type":"product","link":"https:\/\/limamarket.com.ar\/home\/producto\/sales-decorativas-1kg\/","title":{"rendered":"Sales Decorativas 1kg"},"content":{"rendered":"<p>COLOR Y AROMA SUJETO A STOCK DISPONIBLE.<\/p>\n<p>Sales decorativas, ideal para centro de mesa, arreglos de jard\u00edn, macetas, cuencos y mas.Dale color a tus ambientes!<\/p>\n<p>Varios colores, eleg\u00ed el tuyo.<\/p>\n<p>Tama\u00f1o: 1 kg<\/p>\n<p>Producto no comestible.<\/p>\n","protected":false},"excerpt":{"rendered":"<p>COLOR Y AROMA SUJETO A STOCK DISPONIBLE. Sales decorativas, ideal para centro de mesa, arreglos de jard\u00edn, macetas, cuencos y mas.Dale color a tus ambientes! Varios colores, eleg\u00ed el tuyo. Tama\u00f1o: 1 kg Producto no comestible.<\/p>\n","protected":false},"featured_media":2518,"template":"","meta":{"_joinchat":[]},"product_cat":[621,1108],"product_tag":[549,550],"_links":{"self":[{"href":"https:\/\/limamarket.com.ar\/home\/wp-json\/wp\/v2\/product\/2510"}],"collection":[{"href":"https:\/\/limamarket.com.ar\/home\/wp-json\/wp\/v2\/product"}],"about":[{"href":"https:\/\/limamarket.com.ar\/home\/wp-json\/wp\/v2\/types\/product"}],"wp:featuredmedia":[{"embeddable":true,"href":"https:\/\/limamarket.com.ar\/home\/wp-json\/wp\/v2\/media\/2518"}],"wp:attachment":[{"href":"https:\/\/limamarket.com.ar\/home\/wp-json\/wp\/v2\/media?parent=2510"}],"wp:term":[{"taxonomy":"product_cat","embeddable":true,"href":"https:\/\/limamarket.com.ar\/home\/wp-json\/wp\/v2\/product_cat?post=2510"},{"taxonomy":"product_tag","embeddable":true,"href":"https:\/\/limamarket.com.ar\/home\/wp-json\/wp\/v2\/product_tag?post=2510"}],"curies":[{"name":"wp","href":"https:\/\/api.w.org\/{rel}","templated":true}]}}