{"id":2377,"date":"2021-12-24T13:26:11","date_gmt":"2021-12-24T13:26:11","guid":{"rendered":"https:\/\/limamarket.com.ar\/home\/?post_type=product&#038;p=2377"},"modified":"2026-05-12T14:50:03","modified_gmt":"2026-05-12T14:50:03","slug":"jabon-coco-x-1-litro","status":"publish","type":"product","link":"https:\/\/limamarket.com.ar\/home\/producto\/jabon-coco-x-1-litro\/","title":{"rendered":"Jab\u00f3n Coco x 1 litro"},"content":{"rendered":"<p>Nuestra l\u00ednea cl\u00e1sica de jabones para manos y cuerpo seguramente dejar\u00e1n la piel con una sensaci\u00f3n suave y ligeramente perfumada.<\/p>\n<h4>\u00bfQu\u00e9 es?<\/h4>\n<p>Jabon para manos y cuerpo, posee una agradable textura cremosa y perfumada.<\/p>\n<h4>\u00bfC\u00f3mo se usa?<\/h4>\n<p>Colocar en una esponja o en las manos y hacer espuma.Recomendamos usar un dispenser o jabonera. Enjuagar<\/p>\n","protected":false},"excerpt":{"rendered":"<p>Nuestra l\u00ednea cl\u00e1sica de jabones para manos y cuerpo seguramente dejar\u00e1n la piel con una sensaci\u00f3n suave y ligeramente perfumada. \u00bfQu\u00e9 es? Jabon para manos y cuerpo, posee una agradable textura cremosa y perfumada. \u00bfC\u00f3mo se usa? Colocar en una esponja o en las manos y hacer espuma.Recomendamos usar un dispenser o jabonera. Enjuagar<\/p>\n","protected":false},"featured_media":2378,"template":"","meta":{"_joinchat":[]},"product_cat":[63,33],"product_tag":[],"_links":{"self":[{"href":"https:\/\/limamarket.com.ar\/home\/wp-json\/wp\/v2\/product\/2377"}],"collection":[{"href":"https:\/\/limamarket.com.ar\/home\/wp-json\/wp\/v2\/product"}],"about":[{"href":"https:\/\/limamarket.com.ar\/home\/wp-json\/wp\/v2\/types\/product"}],"wp:featuredmedia":[{"embeddable":true,"href":"https:\/\/limamarket.com.ar\/home\/wp-json\/wp\/v2\/media\/2378"}],"wp:attachment":[{"href":"https:\/\/limamarket.com.ar\/home\/wp-json\/wp\/v2\/media?parent=2377"}],"wp:term":[{"taxonomy":"product_cat","embeddable":true,"href":"https:\/\/limamarket.com.ar\/home\/wp-json\/wp\/v2\/product_cat?post=2377"},{"taxonomy":"product_tag","embeddable":true,"href":"https:\/\/limamarket.com.ar\/home\/wp-json\/wp\/v2\/product_tag?post=2377"}],"curies":[{"name":"wp","href":"https:\/\/api.w.org\/{rel}","templated":true}]}}