{"id":2371,"date":"2021-12-24T12:52:41","date_gmt":"2021-12-24T12:52:41","guid":{"rendered":"https:\/\/limamarket.com.ar\/home\/?post_type=product&#038;p=2371"},"modified":"2026-04-27T17:35:45","modified_gmt":"2026-04-27T17:35:45","slug":"aditivo-liquido-para-ropa-color-x-1-litro","status":"publish","type":"product","link":"https:\/\/limamarket.com.ar\/home\/producto\/aditivo-liquido-para-ropa-color-x-1-litro\/","title":{"rendered":"Aditivo l\u00edquido para Ropa Color x 1 litro"},"content":{"rendered":"<h4>\u00bfQu\u00e9 es?<\/h4>\n<p>Es un producto que potencia al lavado. Ayuda a desmanchar, perfumar y a cuidar los colores de la ropa, haci\u00e9ndolos m\u00e1s brillantes y duraderos. Evita la transferencia (deste\u00f1ido) de las telas.<\/p>\n<h4>\u00bfC\u00f3mo se usa?<\/h4>\n<p>Agregar en la gabeta de aditivos en el lavarropas 50 ml por lavado. Puede utilizarse en lavado a mano, colocando una cucharada sopera por balde de agua..<\/p>\n","protected":false},"excerpt":{"rendered":"<p>\u00bfQu\u00e9 es? Es un producto que potencia al lavado. Ayuda a desmanchar, perfumar y a cuidar los colores de la ropa, haci\u00e9ndolos m\u00e1s brillantes y duraderos. Evita la transferencia (deste\u00f1ido) de las telas. \u00bfC\u00f3mo se usa? Agregar en la gabeta de aditivos en el lavarropas 50 ml por lavado. Puede utilizarse en lavado a mano, [&#8230;]\n","protected":false},"featured_media":2372,"template":"","meta":{"_joinchat":[]},"product_cat":[1147,16],"product_tag":[],"_links":{"self":[{"href":"https:\/\/limamarket.com.ar\/home\/wp-json\/wp\/v2\/product\/2371"}],"collection":[{"href":"https:\/\/limamarket.com.ar\/home\/wp-json\/wp\/v2\/product"}],"about":[{"href":"https:\/\/limamarket.com.ar\/home\/wp-json\/wp\/v2\/types\/product"}],"wp:featuredmedia":[{"embeddable":true,"href":"https:\/\/limamarket.com.ar\/home\/wp-json\/wp\/v2\/media\/2372"}],"wp:attachment":[{"href":"https:\/\/limamarket.com.ar\/home\/wp-json\/wp\/v2\/media?parent=2371"}],"wp:term":[{"taxonomy":"product_cat","embeddable":true,"href":"https:\/\/limamarket.com.ar\/home\/wp-json\/wp\/v2\/product_cat?post=2371"},{"taxonomy":"product_tag","embeddable":true,"href":"https:\/\/limamarket.com.ar\/home\/wp-json\/wp\/v2\/product_tag?post=2371"}],"curies":[{"name":"wp","href":"https:\/\/api.w.org\/{rel}","templated":true}]}}