{"id":2141,"date":"2021-09-03T23:25:11","date_gmt":"2021-09-03T23:25:11","guid":{"rendered":"https:\/\/limamarket.com.ar\/home\/?post_type=product&#038;p=2141"},"modified":"2026-04-27T17:13:00","modified_gmt":"2026-04-27T17:13:00","slug":"lustramuebles-protector-con-siliconas-x-1-lts","status":"publish","type":"product","link":"https:\/\/limamarket.com.ar\/home\/producto\/lustramuebles-protector-con-siliconas-x-1-lts\/","title":{"rendered":"Lustramuebles  X 1 Lts Vetigras"},"content":{"rendered":"<p>LUSTRAMUEBLES\u00a0 (LUSTRADOR Y PROTECTOR CON SILICONAS)<\/p>\n<p>CARACTER\u00cdSTICAS: Limpia y protege, dejando una pel\u00edcula delgada (no grasa) que sella los poros, impidiendo que el polvo se acumule, facilitando el mantenimiento diario con un pa\u00f1o seco. Limpia y protege la madera, pl\u00e1sticos y superficies pintadas.<\/p>\n<p>MODO DE USO: Se aplica con pa\u00f1o, extendiendo sobre toda la superficie; luego frotar con gamuza hasta que realce el brillo.<\/p>\n<p>Consistencia: liquida.<\/p>\n<p>Marca: Vetigras<\/p>\n<p>Presentaci\u00f3n:botella 1 litro<\/p>\n","protected":false},"excerpt":{"rendered":"<p>LUSTRAMUEBLES\u00a0 (LUSTRADOR Y PROTECTOR CON SILICONAS) CARACTER\u00cdSTICAS: Limpia y protege, dejando una pel\u00edcula delgada (no grasa) que sella los poros, impidiendo que el polvo se acumule, facilitando el mantenimiento diario con un pa\u00f1o seco. Limpia y protege la madera, pl\u00e1sticos y superficies pintadas. MODO DE USO: Se aplica con pa\u00f1o, extendiendo sobre toda la superficie; [&#8230;]\n","protected":false},"featured_media":4589,"template":"","meta":{"_joinchat":[]},"product_cat":[60,250,30],"product_tag":[492],"_links":{"self":[{"href":"https:\/\/limamarket.com.ar\/home\/wp-json\/wp\/v2\/product\/2141"}],"collection":[{"href":"https:\/\/limamarket.com.ar\/home\/wp-json\/wp\/v2\/product"}],"about":[{"href":"https:\/\/limamarket.com.ar\/home\/wp-json\/wp\/v2\/types\/product"}],"wp:featuredmedia":[{"embeddable":true,"href":"https:\/\/limamarket.com.ar\/home\/wp-json\/wp\/v2\/media\/4589"}],"wp:attachment":[{"href":"https:\/\/limamarket.com.ar\/home\/wp-json\/wp\/v2\/media?parent=2141"}],"wp:term":[{"taxonomy":"product_cat","embeddable":true,"href":"https:\/\/limamarket.com.ar\/home\/wp-json\/wp\/v2\/product_cat?post=2141"},{"taxonomy":"product_tag","embeddable":true,"href":"https:\/\/limamarket.com.ar\/home\/wp-json\/wp\/v2\/product_tag?post=2141"}],"curies":[{"name":"wp","href":"https:\/\/api.w.org\/{rel}","templated":true}]}}