{"id":1802,"date":"2021-08-23T16:36:43","date_gmt":"2021-08-23T16:36:43","guid":{"rendered":"https:\/\/limamarket.com.ar\/home\/?post_type=product&#038;p=1802"},"modified":"2024-11-08T17:05:21","modified_gmt":"2024-11-08T17:05:21","slug":"clip-cierra-bolsa-con-cuchara-pastel","status":"publish","type":"product","link":"https:\/\/limamarket.com.ar\/home\/producto\/clip-cierra-bolsa-con-cuchara-pastel\/","title":{"rendered":"Clip cierra bolsa con cuchara pastel"},"content":{"rendered":"<p>Clip cierra bolsa con cuchara pastel por 1 unidad.<\/p>\n<div class=\"_-mC\">\n<p class=\"sh-ds__desc\"><span class=\"sh-ds__trunc\"><span class=\"sh-ds__trunc-txt translate-content\">Cuchara con la medida ideal para prepararte un caf\u00e9 y adem\u00e1s Cierra Bolsa<\/span><\/span><\/p>\n<p class=\"sh-ds__desc\"><span class=\"sh-ds__trunc\"><span class=\"sh-ds__trunc-txt translate-content\"> &#8211; Mix Colores Pasteles<\/span><\/span><\/p>\n<p class=\"sh-ds__desc\"><span class=\"sh-ds__trunc\"><span class=\"sh-ds__trunc-txt translate-content\"> -Medidas: 16cm x 4 cm x 1cm<\/span><\/span><\/p>\n<p class=\"sh-ds__desc\"><span class=\"sh-ds__trunc\"><span class=\"sh-ds__trunc-txt translate-content\"> -Material: Pl\u00e1stico.<\/span><\/span><\/p>\n<\/div>\n","protected":false},"excerpt":{"rendered":"<p>Clip cierra bolsa con cuchara pastel por 1 unidad. Cuchara con la medida ideal para prepararte un caf\u00e9 y adem\u00e1s Cierra Bolsa &#8211; Mix Colores Pasteles -Medidas: 16cm x 4 cm x 1cm -Material: Pl\u00e1stico.<\/p>\n","protected":false},"featured_media":1698,"template":"","meta":{"_joinchat":[]},"product_cat":[956,1106],"product_tag":[426],"_links":{"self":[{"href":"https:\/\/limamarket.com.ar\/home\/wp-json\/wp\/v2\/product\/1802"}],"collection":[{"href":"https:\/\/limamarket.com.ar\/home\/wp-json\/wp\/v2\/product"}],"about":[{"href":"https:\/\/limamarket.com.ar\/home\/wp-json\/wp\/v2\/types\/product"}],"wp:featuredmedia":[{"embeddable":true,"href":"https:\/\/limamarket.com.ar\/home\/wp-json\/wp\/v2\/media\/1698"}],"wp:attachment":[{"href":"https:\/\/limamarket.com.ar\/home\/wp-json\/wp\/v2\/media?parent=1802"}],"wp:term":[{"taxonomy":"product_cat","embeddable":true,"href":"https:\/\/limamarket.com.ar\/home\/wp-json\/wp\/v2\/product_cat?post=1802"},{"taxonomy":"product_tag","embeddable":true,"href":"https:\/\/limamarket.com.ar\/home\/wp-json\/wp\/v2\/product_tag?post=1802"}],"curies":[{"name":"wp","href":"https:\/\/api.w.org\/{rel}","templated":true}]}}