{"id":1646,"date":"2021-08-20T17:23:12","date_gmt":"2021-08-20T17:23:12","guid":{"rendered":"https:\/\/limamarket.com.ar\/home\/?post_type=product&#038;p=1646"},"modified":"2024-11-08T17:06:29","modified_gmt":"2024-11-08T17:06:29","slug":"hombrecito-espatula-color-pastel","status":"publish","type":"product","link":"https:\/\/limamarket.com.ar\/home\/producto\/hombrecito-espatula-color-pastel\/","title":{"rendered":"Hombrecito espatula color pastel"},"content":{"rendered":"<p>CARACTER\u00cdSTICAS DEL ARTICULO<\/p>\n<p>Modelo:<br \/>\nEsp\u00e1tula de reposter\u00eda<\/p>\n<p>Dise\u00f1o: Hombrecito<\/p>\n<p>Color *<br \/>\nverde<br \/>\nrosa<br \/>\nceleste<br \/>\namarillo<\/p>\n<p>Medidas: 15 x 4,5 cm<\/p>\n<p>Material: Pl\u00e1stico<\/p>\n<p>Peso: 30 g<\/p>\n<p>Ideal cocina y reposter\u00eda<\/p>\n<p>Excelente Calidad<\/p>\n<p>Muy resistente<\/p>\n<p>&nbsp;<\/p>\n<p>*seg\u00fan stock disponible.<\/p>\n","protected":false},"excerpt":{"rendered":"<p>CARACTER\u00cdSTICAS DEL ARTICULO Modelo: Esp\u00e1tula de reposter\u00eda Dise\u00f1o: Hombrecito Color * verde rosa celeste amarillo Medidas: 15 x 4,5 cm Material: Pl\u00e1stico Peso: 30 g Ideal cocina y reposter\u00eda Excelente Calidad Muy resistente &nbsp; *seg\u00fan stock disponible.<\/p>\n","protected":false},"featured_media":1652,"template":"","meta":{"_joinchat":[]},"product_cat":[956,1106],"product_tag":[417],"_links":{"self":[{"href":"https:\/\/limamarket.com.ar\/home\/wp-json\/wp\/v2\/product\/1646"}],"collection":[{"href":"https:\/\/limamarket.com.ar\/home\/wp-json\/wp\/v2\/product"}],"about":[{"href":"https:\/\/limamarket.com.ar\/home\/wp-json\/wp\/v2\/types\/product"}],"wp:featuredmedia":[{"embeddable":true,"href":"https:\/\/limamarket.com.ar\/home\/wp-json\/wp\/v2\/media\/1652"}],"wp:attachment":[{"href":"https:\/\/limamarket.com.ar\/home\/wp-json\/wp\/v2\/media?parent=1646"}],"wp:term":[{"taxonomy":"product_cat","embeddable":true,"href":"https:\/\/limamarket.com.ar\/home\/wp-json\/wp\/v2\/product_cat?post=1646"},{"taxonomy":"product_tag","embeddable":true,"href":"https:\/\/limamarket.com.ar\/home\/wp-json\/wp\/v2\/product_tag?post=1646"}],"curies":[{"name":"wp","href":"https:\/\/api.w.org\/{rel}","templated":true}]}}