{"id":1633,"date":"2021-08-20T17:10:16","date_gmt":"2021-08-20T17:10:16","guid":{"rendered":"https:\/\/limamarket.com.ar\/home\/?post_type=product&#038;p=1633"},"modified":"2024-04-12T19:32:06","modified_gmt":"2024-04-12T19:32:06","slug":"cuchillo-vegetales-color-pastel","status":"publish","type":"product","link":"https:\/\/limamarket.com.ar\/home\/producto\/cuchillo-vegetales-color-pastel\/","title":{"rendered":"Cuchillo vegetales color pastel"},"content":{"rendered":"<p>Cuchillo vegetales color pastel.<\/p>\n<p>-No oxida la lechuga<\/p>\n<p>-Corta f\u00e1cil y r\u00e1pido<\/p>\n<p>-Dise\u00f1o ergon\u00f3mico<\/p>\n<p>-Pl\u00e1stico irrompible<\/p>\n<p>&nbsp;<\/p>\n<p>Informaci\u00f3n Adicional:<\/p>\n<p>Material: Pl\u00e1stico<\/p>\n<p>Medidas: 30 cm<\/p>\n<p>Color Pasteles: Rosa, lila, verde agua, celeste y amarillo<\/p>\n<p>Origen: Argentina<\/p>\n","protected":false},"excerpt":{"rendered":"<p>Cuchillo vegetales color pastel. -No oxida la lechuga -Corta f\u00e1cil y r\u00e1pido -Dise\u00f1o ergon\u00f3mico -Pl\u00e1stico irrompible &nbsp; Informaci\u00f3n Adicional: Material: Pl\u00e1stico Medidas: 30 cm Color Pasteles: Rosa, lila, verde agua, celeste y amarillo Origen: Argentina<\/p>\n","protected":false},"featured_media":1642,"template":"","meta":{"_joinchat":[]},"product_cat":[956],"product_tag":[416],"_links":{"self":[{"href":"https:\/\/limamarket.com.ar\/home\/wp-json\/wp\/v2\/product\/1633"}],"collection":[{"href":"https:\/\/limamarket.com.ar\/home\/wp-json\/wp\/v2\/product"}],"about":[{"href":"https:\/\/limamarket.com.ar\/home\/wp-json\/wp\/v2\/types\/product"}],"wp:featuredmedia":[{"embeddable":true,"href":"https:\/\/limamarket.com.ar\/home\/wp-json\/wp\/v2\/media\/1642"}],"wp:attachment":[{"href":"https:\/\/limamarket.com.ar\/home\/wp-json\/wp\/v2\/media?parent=1633"}],"wp:term":[{"taxonomy":"product_cat","embeddable":true,"href":"https:\/\/limamarket.com.ar\/home\/wp-json\/wp\/v2\/product_cat?post=1633"},{"taxonomy":"product_tag","embeddable":true,"href":"https:\/\/limamarket.com.ar\/home\/wp-json\/wp\/v2\/product_tag?post=1633"}],"curies":[{"name":"wp","href":"https:\/\/api.w.org\/{rel}","templated":true}]}}