{"id":1479,"date":"2021-08-05T22:01:16","date_gmt":"2021-08-05T22:01:16","guid":{"rendered":"https:\/\/limamarket.com.ar\/home\/?post_type=product&#038;p=1479"},"modified":"2025-04-16T16:24:48","modified_gmt":"2025-04-16T16:24:48","slug":"fibra-verde-pack-por-2-uni","status":"publish","type":"product","link":"https:\/\/limamarket.com.ar\/home\/producto\/fibra-verde-pack-por-2-uni\/","title":{"rendered":"Fibra Verde Pack por 2 uni."},"content":{"rendered":"<h3>Fibra<\/h3>\n<h4>\u00bfQu\u00e9 es?<\/h4>\n<p>Fibra abrasiva para lavado multiprop\u00f3sito.<\/p>\n<h3>Fibra verde es un pa\u00f1o de limpieza para el lavado de utensilios de cocina y superficies en general. Est\u00e1 hecho de fibras sint\u00e9ticas no tejidas.<\/h3>\n<p>Presentaci\u00f3n: Pack por 2 unidades.<\/p>\n","protected":false},"excerpt":{"rendered":"<p>Fibra \u00bfQu\u00e9 es? Fibra abrasiva para lavado multiprop\u00f3sito. Fibra verde es un pa\u00f1o de limpieza para el lavado de utensilios de cocina y superficies en general. Est\u00e1 hecho de fibras sint\u00e9ticas no tejidas. Presentaci\u00f3n: Pack por 2 unidades.<\/p>\n","protected":false},"featured_media":1480,"template":"","meta":{"_joinchat":[]},"product_cat":[51,26,27],"product_tag":[402],"_links":{"self":[{"href":"https:\/\/limamarket.com.ar\/home\/wp-json\/wp\/v2\/product\/1479"}],"collection":[{"href":"https:\/\/limamarket.com.ar\/home\/wp-json\/wp\/v2\/product"}],"about":[{"href":"https:\/\/limamarket.com.ar\/home\/wp-json\/wp\/v2\/types\/product"}],"wp:featuredmedia":[{"embeddable":true,"href":"https:\/\/limamarket.com.ar\/home\/wp-json\/wp\/v2\/media\/1480"}],"wp:attachment":[{"href":"https:\/\/limamarket.com.ar\/home\/wp-json\/wp\/v2\/media?parent=1479"}],"wp:term":[{"taxonomy":"product_cat","embeddable":true,"href":"https:\/\/limamarket.com.ar\/home\/wp-json\/wp\/v2\/product_cat?post=1479"},{"taxonomy":"product_tag","embeddable":true,"href":"https:\/\/limamarket.com.ar\/home\/wp-json\/wp\/v2\/product_tag?post=1479"}],"curies":[{"name":"wp","href":"https:\/\/api.w.org\/{rel}","templated":true}]}}