{"id":1051,"date":"2021-07-10T16:21:13","date_gmt":"2021-07-10T16:21:13","guid":{"rendered":"https:\/\/limamarket.com.ar\/home\/?post_type=product&#038;p=1051"},"modified":"2025-01-10T21:51:48","modified_gmt":"2025-01-10T21:51:48","slug":"sahumerio-lavanda-y-olivano-sagrada-madre","status":"publish","type":"product","link":"https:\/\/limamarket.com.ar\/home\/producto\/sahumerio-lavanda-y-olivano-sagrada-madre\/","title":{"rendered":"Sahumerio Lavanda y Olivano Sagrada Madre"},"content":{"rendered":"<div id=\"single-product\" class=\"row\" data-variants=\"[{&quot;product_id&quot;:48730102,&quot;price_short&quot;:&quot;$400&quot;,&quot;price_long&quot;:&quot;$400 ARS&quot;,&quot;price_number&quot;:400,&quot;compare_at_price_short&quot;:null,&quot;compare_at_price_long&quot;:null,&quot;compare_at_price_number&quot;:null,&quot;stock&quot;:41,&quot;sku&quot;:null,&quot;available&quot;:true,&quot;contact&quot;:false,&quot;option0&quot;:null,&quot;option1&quot;:null,&quot;option2&quot;:null,&quot;id&quot;:130240848,&quot;image&quot;:87140970,&quot;image_url&quot;:&quot;\\\/\\\/d3ugyf2ht6aenh.cloudfront.net\\\/stores\\\/808\\\/161\\\/products\\\/lavanda-41-b3b0e7331551442e0d15872617205627-1024-1024.png&quot;,&quot;installments_data&quot;:&quot;{\\&quot;mercadopago\\&quot;:{\\&quot;1\\&quot;:{\\&quot;installment_value\\&quot;:400,\\&quot;installment_value_cents\\&quot;:40000,\\&quot;interest\\&quot;:0,\\&quot;total_value\\&quot;:400,\\&quot;without_interests\\&quot;:true},\\&quot;3\\&quot;:{\\&quot;installment_value\\&quot;:159.61333333333,\\&quot;installment_value_cents\\&quot;:15961.333333333,\\&quot;interest\\&quot;:0.1971,\\&quot;total_value\\&quot;:478.84,\\&quot;without_interests\\&quot;:false},\\&quot;6\\&quot;:{\\&quot;installment_value\\&quot;:90.453333333333,\\&quot;installment_value_cents\\&quot;:9045.3333333333,\\&quot;interest\\&quot;:0.3568,\\&quot;total_value\\&quot;:542.72,\\&quot;without_interests\\&quot;:false},\\&quot;9\\&quot;:{\\&quot;installment_value\\&quot;:67.831111111111,\\&quot;installment_value_cents\\&quot;:6783.1111111111,\\&quot;interest\\&quot;:0.5262,\\&quot;total_value\\&quot;:610.48,\\&quot;without_interests\\&quot;:false},\\&quot;12\\&quot;:{\\&quot;installment_value\\&quot;:56.723333333333,\\&quot;installment_value_cents\\&quot;:5672.3333333333,\\&quot;interest\\&quot;:0.7017,\\&quot;total_value\\&quot;:680.68,\\&quot;without_interests\\&quot;:false},\\&quot;18\\&quot;:{\\&quot;installment_value\\&quot;:46.42,\\&quot;installment_value_cents\\&quot;:4642,\\&quot;interest\\&quot;:1.0889,\\&quot;total_value\\&quot;:835.56,\\&quot;without_interests\\&quot;:false}}}&quot;}]\">\n<div class=\"col-xs-12 col-sm-6 product-form-container\" data-store=\"product-info-48730102\">\n<form id=\"product_form\" class=\"display-when-content-ready\" action=\"https:\/\/www.holisticonatural.com.ar\/comprar\/\" method=\"post\" data-store=\"product-form-48730102\">\n<div class=\"description user-content m-top\" data-store=\"product-description-48730102\">\n<div class=\"user-content\" data-store=\"product-description-46411120\">\n<p dir=\"ltr\">Sahumerio de Lavanda y Olibano Sagrada Madre<\/p>\n<p dir=\"ltr\">Desde tiempos muy antiguos la Lavanda y el Incienso (Ol\u00edbano) son usados en rituales y ceremonias como protectores, purificadores y neutralizadores de energ\u00edas.<\/p>\n<p dir=\"ltr\">La Lavanda posee la propiedad de neutralizar energ\u00edas negativas transform\u00e1ndolas en positivas logrando equilibrio y armon\u00eda.<\/p>\n<p dir=\"ltr\">El Ol\u00edbano atrae la energ\u00eda positiva y es limpiador de ambientes.El humo sagrado de ambas fragancias reviven un poderoso protector del hogar.<\/p>\n<\/div>\n<div class=\"text-center p-top-half p-bottom-half m-bottom clear-both border-bottom\"><\/div>\n<h1><\/h1>\n<\/div>\n<\/form>\n<\/div>\n<\/div>\n<div class=\"row visible-when-content-ready\">\n<div class=\"col-xs-12 visible-when-content-ready\"><\/div>\n<\/div>\n<table class=\"andes-table\">\n<tbody class=\"andes-table__body\">\n<tr class=\"andes-table__row\">\n<th class=\"andes-table__header andes-table__header--left ui-pdp-specs__table__column ui-pdp-specs__table__column-title\">Marca<\/th>\n<td class=\"andes-table__column andes-table__column--left ui-pdp-specs__table__column\"><span class=\"andes-table__column--value\">Sagrada Madre<\/span><\/td>\n<\/tr>\n<tr class=\"andes-table__row\">\n<th class=\"andes-table__header andes-table__header--left ui-pdp-specs__table__column ui-pdp-specs__table__column-title\">Modelo<\/th>\n<td class=\"andes-table__column andes-table__column--left ui-pdp-specs__table__column\"><span class=\"andes-table__column--value\">L\u00ednea Hierbas Premiun<\/span><\/td>\n<\/tr>\n<tr class=\"andes-table__row\">\n<th class=\"andes-table__header andes-table__header--left ui-pdp-specs__table__column ui-pdp-specs__table__column-title\">Formato del incienso<\/th>\n<td class=\"andes-table__column andes-table__column--left ui-pdp-specs__table__column\"><span class=\"andes-table__column--value\">Varilla<\/span><\/td>\n<\/tr>\n<tr class=\"andes-table__row\">\n<th class=\"andes-table__header andes-table__header--left ui-pdp-specs__table__column ui-pdp-specs__table__column-title\">Unidades por envase<\/th>\n<td class=\"andes-table__column andes-table__column--left ui-pdp-specs__table__column\"><span class=\"andes-table__column--value\">9<\/span><\/td>\n<\/tr>\n<\/tbody>\n<\/table>\n","protected":false},"excerpt":{"rendered":"<p>Sahumerio de Lavanda y Olibano Sagrada Madre Desde tiempos muy antiguos la Lavanda y el Incienso (Ol\u00edbano) son usados en rituales y ceremonias como protectores, purificadores y neutralizadores de energ\u00edas. La Lavanda posee la propiedad de neutralizar energ\u00edas negativas transform\u00e1ndolas en positivas logrando equilibrio y armon\u00eda. El Ol\u00edbano atrae la energ\u00eda positiva y es limpiador [&#8230;]\n","protected":false},"featured_media":1052,"template":"","meta":{"_joinchat":[]},"product_cat":[621,1107],"product_tag":[295],"_links":{"self":[{"href":"https:\/\/limamarket.com.ar\/home\/wp-json\/wp\/v2\/product\/1051"}],"collection":[{"href":"https:\/\/limamarket.com.ar\/home\/wp-json\/wp\/v2\/product"}],"about":[{"href":"https:\/\/limamarket.com.ar\/home\/wp-json\/wp\/v2\/types\/product"}],"wp:featuredmedia":[{"embeddable":true,"href":"https:\/\/limamarket.com.ar\/home\/wp-json\/wp\/v2\/media\/1052"}],"wp:attachment":[{"href":"https:\/\/limamarket.com.ar\/home\/wp-json\/wp\/v2\/media?parent=1051"}],"wp:term":[{"taxonomy":"product_cat","embeddable":true,"href":"https:\/\/limamarket.com.ar\/home\/wp-json\/wp\/v2\/product_cat?post=1051"},{"taxonomy":"product_tag","embeddable":true,"href":"https:\/\/limamarket.com.ar\/home\/wp-json\/wp\/v2\/product_tag?post=1051"}],"curies":[{"name":"wp","href":"https:\/\/api.w.org\/{rel}","templated":true}]}}