{"id":1048,"date":"2021-07-10T16:05:47","date_gmt":"2021-07-10T16:05:47","guid":{"rendered":"https:\/\/limamarket.com.ar\/home\/?post_type=product&#038;p=1048"},"modified":"2025-01-10T21:51:55","modified_gmt":"2025-01-10T21:51:55","slug":"sahumerio-de-incienso-blanco-sagrada-madre","status":"publish","type":"product","link":"https:\/\/limamarket.com.ar\/home\/producto\/sahumerio-de-incienso-blanco-sagrada-madre\/","title":{"rendered":"Sahumerio de Incienso Blanco Sagrada Madre"},"content":{"rendered":"<p>SAHUMERIOS INCIENSO BLANCO &#8211; SAGRADA MADRE<\/p>\n<p>Contenido: 9 varillas gruesas.<\/p>\n<p>El suave aroma del incienso blanco ha sido considerado desde culturas milenarias como la puerta de entrada del camino hacia lo sagrado . La composici\u00f3n de resinas sagradas que posee este sahumerio representan limpieza y purificaci\u00f3n de ambientes y personas, Brinda paz y serenidad siendo un ideal compa\u00f1ero de meditaci\u00f3n , rituales y ceremonias.<\/p>\n","protected":false},"excerpt":{"rendered":"<p>SAHUMERIOS INCIENSO BLANCO &#8211; SAGRADA MADRE Contenido: 9 varillas gruesas. El suave aroma del incienso blanco ha sido considerado desde culturas milenarias como la puerta de entrada del camino hacia lo sagrado . La composici\u00f3n de resinas sagradas que posee este sahumerio representan limpieza y purificaci\u00f3n de ambientes y personas, Brinda paz y serenidad siendo [&#8230;]\n","protected":false},"featured_media":1049,"template":"","meta":{"_joinchat":[]},"product_cat":[621,1107],"product_tag":[294],"_links":{"self":[{"href":"https:\/\/limamarket.com.ar\/home\/wp-json\/wp\/v2\/product\/1048"}],"collection":[{"href":"https:\/\/limamarket.com.ar\/home\/wp-json\/wp\/v2\/product"}],"about":[{"href":"https:\/\/limamarket.com.ar\/home\/wp-json\/wp\/v2\/types\/product"}],"wp:featuredmedia":[{"embeddable":true,"href":"https:\/\/limamarket.com.ar\/home\/wp-json\/wp\/v2\/media\/1049"}],"wp:attachment":[{"href":"https:\/\/limamarket.com.ar\/home\/wp-json\/wp\/v2\/media?parent=1048"}],"wp:term":[{"taxonomy":"product_cat","embeddable":true,"href":"https:\/\/limamarket.com.ar\/home\/wp-json\/wp\/v2\/product_cat?post=1048"},{"taxonomy":"product_tag","embeddable":true,"href":"https:\/\/limamarket.com.ar\/home\/wp-json\/wp\/v2\/product_tag?post=1048"}],"curies":[{"name":"wp","href":"https:\/\/api.w.org\/{rel}","templated":true}]}}