{"id":1008,"date":"2021-07-09T23:27:16","date_gmt":"2021-07-09T23:27:16","guid":{"rendered":"https:\/\/limamarket.com.ar\/home\/?post_type=product&#038;p=1008"},"modified":"2025-01-10T22:18:40","modified_gmt":"2025-01-10T22:18:40","slug":"sahumerio-de-palo-santo-con-romero-sagrada-madre","status":"publish","type":"product","link":"https:\/\/limamarket.com.ar\/home\/producto\/sahumerio-de-palo-santo-con-romero-sagrada-madre\/","title":{"rendered":"Sahumerio de Palo Santo con Romero Sagrada Madre"},"content":{"rendered":"<h2><strong>Sahumerio de Palo Santo con Romero \u2013 Sagrada Madre<\/strong><\/h2>\n<p class=\"h6 my-4 grey-text text-darken-2\">Palo Santo y Romero muy efectivo para purificar y proteger ambientes, sanando los espacios,<\/p>\n<p class=\"h6 my-4 grey-text text-darken-2\">trayendo energ\u00eda de luz y vibraciones positivas, uniendo con amor las almas de las personas,<\/p>\n<p class=\"h6 my-4 grey-text text-darken-2\">generando momentos de paz y armon\u00eda en el hogar y espacios de trabajo.<\/p>\n<p>Duraci\u00f3n extra Premium<br \/>\nComposici\u00f3n: Madera palo santo (peruano),<br \/>\naglutinante natural y resina de romero.<\/p>\n","protected":false},"excerpt":{"rendered":"<p>Sahumerio de Palo Santo con Romero \u2013 Sagrada Madre Palo Santo y Romero muy efectivo para purificar y proteger ambientes, sanando los espacios, trayendo energ\u00eda de luz y vibraciones positivas, uniendo con amor las almas de las personas, generando momentos de paz y armon\u00eda en el hogar y espacios de trabajo. Duraci\u00f3n extra Premium Composici\u00f3n: [&#8230;]\n","protected":false},"featured_media":1009,"template":"","meta":{"_joinchat":[]},"product_cat":[621,1107],"product_tag":[280],"_links":{"self":[{"href":"https:\/\/limamarket.com.ar\/home\/wp-json\/wp\/v2\/product\/1008"}],"collection":[{"href":"https:\/\/limamarket.com.ar\/home\/wp-json\/wp\/v2\/product"}],"about":[{"href":"https:\/\/limamarket.com.ar\/home\/wp-json\/wp\/v2\/types\/product"}],"wp:featuredmedia":[{"embeddable":true,"href":"https:\/\/limamarket.com.ar\/home\/wp-json\/wp\/v2\/media\/1009"}],"wp:attachment":[{"href":"https:\/\/limamarket.com.ar\/home\/wp-json\/wp\/v2\/media?parent=1008"}],"wp:term":[{"taxonomy":"product_cat","embeddable":true,"href":"https:\/\/limamarket.com.ar\/home\/wp-json\/wp\/v2\/product_cat?post=1008"},{"taxonomy":"product_tag","embeddable":true,"href":"https:\/\/limamarket.com.ar\/home\/wp-json\/wp\/v2\/product_tag?post=1008"}],"curies":[{"name":"wp","href":"https:\/\/api.w.org\/{rel}","templated":true}]}}