{"id":2,"date":"2017-10-20T12:57:11","date_gmt":"2017-10-20T12:57:11","guid":{"rendered":"https:\/\/limamarket.com.ar\/home\/?page_id=2"},"modified":"2025-08-29T21:47:37","modified_gmt":"2025-08-29T21:47:37","slug":"nosotros","status":"publish","type":"page","link":"https:\/\/limamarket.com.ar\/home\/nosotros\/","title":{"rendered":"Nosotros"},"content":{"rendered":"\n\n  <div class=\"banner has-hover has-parallax\" id=\"banner-410423747\">\n          <div class=\"banner-inner fill\">\n        <div class=\"banner-bg fill\" data-parallax=\"-6\" data-parallax-container=\".banner\" data-parallax-background>\n            <div class=\"bg fill bg-fill \"><\/div>\n                        <div class=\"overlay\"><\/div>            \n                    <\/div>\n\t\t\n        <div class=\"banner-layers container\">\n            <div class=\"fill banner-link\"><\/div>            \n\n   <div id=\"text-box-161750248\" class=\"text-box banner-layer x50 md-x50 lg-x50 y50 md-y50 lg-y50 res-text\">\n                                <div class=\"text-box-content text dark\">\n              \n              <div class=\"text-inner text-center\">\n                  \n\n\t<div id=\"text-4110608338\" class=\"text\">\n\t\t\n\n<h3 class=\"uppercase\"><strong>\u00bfquienes somos?<\/strong><\/h3>\n\t\t\n<style>\n#text-4110608338 {\n  color: rgb(255,255,255);\n}\n#text-4110608338 > * {\n  color: rgb(255,255,255);\n}\n<\/style>\n\t<\/div>\n\t\n\n              <\/div>\n           <\/div>\n                            \n<style>\n#text-box-161750248 {\n  width: 60%;\n}\n#text-box-161750248 .text-box-content {\n  font-size: 100%;\n}\n<\/style>\n    <\/div>\n \n\n        <\/div>\n      <\/div>\n\n            \n<style>\n#banner-410423747 {\n  padding-top: 400px;\n}\n#banner-410423747 .bg.bg-loaded {\n  background-image: url(https:\/\/limamarket.com.ar\/home\/wp-content\/uploads\/logo-limamarket-1-1.png);\n}\n#banner-410423747 .overlay {\n  background-color: rgba(0, 0, 0, 0.19);\n}\n#banner-410423747 .bg {\n  background-position: 69% 0%;\n}\n@media (min-width:850px) {\n  #banner-410423747 {\n    padding-top: 450px;\n  }\n}\n<\/style>\n  <\/div>\n\n\n\t<section class=\"section\" id=\"section_2014187353\">\n\t\t<div class=\"bg section-bg fill bg-fill  bg-loaded\" >\n\n\t\t\t\n\t\t\t\n\t\t\t\n\n\t\t<\/div>\n\n\t\t\n\n\t\t<div class=\"section-content relative\">\n\t\t\t\n\n<div class=\"row align-center\"  id=\"row-1227221403\">\n\n\n\t<div id=\"col-318390805\" class=\"col small-11 large-12\"  >\n\t\t\t\t<div class=\"col-inner text-center\"  >\n\t\t\t\n\t\t\t\n\n\t<div id=\"gap-1236438735\" class=\"gap-element clearfix\" style=\"display:block; height:auto;\">\n\t\t\n<style>\n#gap-1236438735 {\n  padding-top: 50px;\n}\n<\/style>\n\t<\/div>\n\t\n\n\t<div class=\"img has-hover x md-x lg-x y md-y lg-y\" id=\"image_1726166793\">\n\t\t\t\t\t\t<div data-animate=\"fadeInUp\">\t\t<div class=\"img-inner dark\" >\n\t\t\t\t\t\t\t\t\t\n\t\t\t\t\t<\/div>\n\t\t<\/div>\t\t\t\t\t\t\n<style>\n#image_1726166793 {\n  width: 33%;\n}\n<\/style>\n\t<\/div>\n\t\n\n\t<div id=\"gap-245077920\" class=\"gap-element clearfix\" style=\"display:block; height:auto;\">\n\t\t\n<style>\n#gap-245077920 {\n  padding-top: 30px;\n}\n<\/style>\n\t<\/div>\n\t\n\n<div class=\"row\"  id=\"row-2097105399\">\n\n\n\t<div id=\"col-1685191739\" class=\"col medium-6 small-10 large-6\"  data-animate=\"bounceInUp\">\n\t\t\t\t<div class=\"col-inner text-left\"  >\n\t\t\t\n\t\t\t\n\n<p data-sourcepos=\"1:1-1:59\">\u00a0<\/p>\n<hr data-sourcepos=\"3:1-3:3\" \/>\n<h2 data-sourcepos=\"5:1-5:60\"><strong>Lima Market: Tu Aliado en Limpieza y Hogar desde 2021<\/strong><\/h2>\n<p data-sourcepos=\"7:1-7:273\">En <strong>Lima Market<\/strong>, nacimos en 2021 con una visi\u00f3n clara: adelantarnos al futuro y abrazar las nuevas tendencias. Somos tu destino ideal para la <strong>comercializaci\u00f3n de productos de limpieza, home-deco y bazar<\/strong>, cuidadosamente seleccionados para tu hogar.<\/p>\n<p data-sourcepos=\"9:1-9:321\">Sabemos que tu tiempo es oro, por eso te ofrecemos una <strong>experiencia de compra f\u00e1cil y r\u00e1pida<\/strong>. Ya sea a trav\u00e9s de nuestra <strong>tienda online<\/strong>, disponible 24\/7, o visit\u00e1ndonos en nuestra <strong>sucursal f\u00edsica<\/strong>, ubicada en Nicol\u00e1s Videla 177, aqu\u00ed mismo en Quilmes centro, encontrar\u00e1s todo lo que necesit\u00e1s sin complicaciones.<\/p>\n\n\t\t<\/div>\n\t\t\t\t\t<\/div>\n\n\t\n\n\t<div id=\"col-1058144878\" class=\"col medium-6 small-10 large-6\"  data-animate=\"bounceInUp\">\n\t\t\t\t<div class=\"col-inner text-left\"  >\n\t\t\t\n\t\t\t\n\n<p>En Lima Market, nos dedicamos a transformar cada casa en un verdadero hogar. Nuestra misi\u00f3n es brindar a nuestros clientes una experiencia de compra integral, procurando productos de <strong>limpieza innovadores<\/strong> que simplifican el d\u00eda a d\u00eda, <strong>art\u00edculos de bazar pr\u00e1cticos y duraderos<\/strong>, y <strong>elementos de home deco<\/strong> que a\u00f1aden personalidad y calidez. Queremos que cada rinc\u00f3n de tu espacio refleje confort y armon\u00eda.<\/p>\n<h3 data-sourcepos=\"6:1-6:30\">Env\u00edos R\u00e1pidos y Flexibles<\/h3>\n<p data-sourcepos=\"8:1-8:85\">\u00bfNecesit\u00e1s tus productos en casa? Hacemos <strong>env\u00edos a todo CABA y Gran Buenos Aires<\/strong>.<\/p>\n<ul data-sourcepos=\"10:1-12:0\">\n<li data-sourcepos=\"10:1-10:127\"><strong>Entregas est\u00e1ndar:<\/strong> Recib\u00ed tu pedido en un plazo de <strong>1 a 6 d\u00edas h\u00e1biles<\/strong> para paquetes de hasta <strong>35x35x30 cm y 20 kg<\/strong>.<\/li>\n<li data-sourcepos=\"11:1-12:0\"><strong>Env\u00edos m\u00e1s grandes:<\/strong> Si tu pedido excede estas medidas, \u00a1no te preocupes! <strong>Consultanos para una cotizaci\u00f3n personalizada.<\/strong><\/li>\n<\/ul>\n<p data-sourcepos=\"13:1-13:67\"><strong>\u00a1Contactanos hoy mismo y descubr\u00ed la diferencia de Lima Market!<\/strong><\/p>\n\n\t\t<\/div>\n\t\t\t\t\t<\/div>\n\n\t\n\n<\/div>\n\n\t\t<\/div>\n\t\t\t\t\t<\/div>\n\n\t\n\n<\/div>\n\n\t\t<\/div>\n\n\t\t\n<style>\n#section_2014187353 {\n  padding-top: 4px;\n  padding-bottom: 4px;\n}\n@media (min-width:550px) {\n  #section_2014187353 {\n    padding-top: 0px;\n    padding-bottom: 0px;\n  }\n}\n<\/style>\n\t<\/section>\n\t\n\n  <div class=\"banner has-hover\" id=\"banner-382256145\">\n          <div class=\"banner-inner fill\">\n        <div class=\"banner-bg fill\" >\n            <div class=\"bg fill bg-fill \"><\/div>\n                        <div class=\"overlay\"><\/div>            \n                    <\/div>\n\t\t\n        <div class=\"banner-layers container\">\n            <div class=\"fill banner-link\"><\/div>            \n\n   <div id=\"text-box-502555272\" class=\"text-box banner-layer x10 md-x5 lg-x0 y30 md-y50 lg-y50 res-text\">\n                     <div data-animate=\"fadeInUp\">           <div class=\"text-box-content text dark\">\n              \n              <div class=\"text-inner text-left\">\n                  \n\n<h3 class=\"uppercase\" style=\"text-align: left;\"><span style=\"font-size: 85%;\"><strong>Su consulta es importante para nosotros<\/strong><\/span><\/h3>\n<p class=\"uppercase\" style=\"text-align: left;\"><span style=\"font-size: 85%;\"><strong>por cualquier consulta no dude en contactarnos, y a la brevedad nos comunicaremos.<\/strong><\/span><\/p>\n\n              <\/div>\n           <\/div>\n       <\/div>                     \n<style>\n#text-box-502555272 {\n  width: 82%;\n}\n#text-box-502555272 .text-box-content {\n  font-size: 100%;\n}\n@media (min-width:550px) {\n  #text-box-502555272 {\n    width: 69%;\n  }\n}\n@media (min-width:850px) {\n  #text-box-502555272 {\n    width: 77%;\n  }\n}\n<\/style>\n    <\/div>\n \n   <div id=\"text-box-931583652\" class=\"text-box banner-layer x30 md-x95 lg-x95 y75 md-y50 lg-y50 res-text\">\n                                <div class=\"text-box-content text dark\">\n              \n              <div class=\"text-inner text-right\">\n                  \n\n<a data-animate=\"flipInY\" href=\"https:\/\/limamarket.com.ar\/home\/contacto\/\" target=\"_self\" class=\"button white is-outline is-large\"  >\n    <span>Contacto<\/span>\n  <\/a>\n\n\n\n              <\/div>\n           <\/div>\n                            \n<style>\n#text-box-931583652 {\n  width: 33%;\n}\n#text-box-931583652 .text-box-content {\n  font-size: 100%;\n}\n@media (min-width:550px) {\n  #text-box-931583652 {\n    width: 20%;\n  }\n}\n<\/style>\n    <\/div>\n \n\n        <\/div>\n      <\/div>\n\n            \n<style>\n#banner-382256145 {\n  padding-top: 330px;\n  background-color: #68db90;\n}\n#banner-382256145 .overlay {\n  background-color: rgba(0, 0, 0, 0.11);\n}\n@media (min-width:550px) {\n  #banner-382256145 {\n    padding-top: 200px;\n  }\n}\n<\/style>\n  <\/div>\n\n\n\n","protected":false},"excerpt":{"rendered":"","protected":false},"author":1,"featured_media":0,"parent":0,"menu_order":0,"comment_status":"closed","ping_status":"closed","template":"page-blank.php","meta":{"_joinchat":[],"footnotes":""},"_links":{"self":[{"href":"https:\/\/limamarket.com.ar\/home\/wp-json\/wp\/v2\/pages\/2"}],"collection":[{"href":"https:\/\/limamarket.com.ar\/home\/wp-json\/wp\/v2\/pages"}],"about":[{"href":"https:\/\/limamarket.com.ar\/home\/wp-json\/wp\/v2\/types\/page"}],"author":[{"embeddable":true,"href":"https:\/\/limamarket.com.ar\/home\/wp-json\/wp\/v2\/users\/1"}],"replies":[{"embeddable":true,"href":"https:\/\/limamarket.com.ar\/home\/wp-json\/wp\/v2\/comments?post=2"}],"version-history":[{"count":31,"href":"https:\/\/limamarket.com.ar\/home\/wp-json\/wp\/v2\/pages\/2\/revisions"}],"predecessor-version":[{"id":5464,"href":"https:\/\/limamarket.com.ar\/home\/wp-json\/wp\/v2\/pages\/2\/revisions\/5464"}],"wp:attachment":[{"href":"https:\/\/limamarket.com.ar\/home\/wp-json\/wp\/v2\/media?parent=2"}],"curies":[{"name":"wp","href":"https:\/\/api.w.org\/{rel}","templated":true}]}}